{"id":17,"date":"2022-02-07T12:55:54","date_gmt":"2022-02-07T12:55:54","guid":{"rendered":"https:\/\/lasercut.lv\/?page_id=17"},"modified":"2022-02-08T13:26:08","modified_gmt":"2022-02-08T13:26:08","slug":"beautiful-portfolios-for-exceptional-creatives","status":"publish","type":"page","link":"https:\/\/lasercut.lv\/","title":{"rendered":"LaserCut"},"content":{"rendered":"\t\t<div data-elementor-type=\"wp-page\" data-elementor-id=\"17\" class=\"elementor elementor-17\" data-elementor-settings=\"[]\">\n\t\t\t\t\t\t\t<div class=\"elementor-section-wrap\">\n\t\t\t\t\t\t\t<section class=\"elementor-section elementor-top-section elementor-element elementor-element-c83537f elementor-section-boxed elementor-section-height-default elementor-section-height-default\" data-id=\"c83537f\" data-element_type=\"section\">\n\t\t\t\t\t\t<div class=\"elementor-container elementor-column-gap-default\">\n\t\t\t\t\t<div class=\"elementor-column elementor-col-100 elementor-top-column elementor-element elementor-element-5f232d68\" data-id=\"5f232d68\" data-element_type=\"column\">\n\t\t\t<div class=\"elementor-widget-wrap elementor-element-populated\">\n\t\t\t\t\t\t\t\t<div class=\"elementor-element elementor-element-1c0e451f elementor-widget elementor-widget-text-editor\" data-id=\"1c0e451f\" data-element_type=\"widget\" data-widget_type=\"text-editor.default\">\n\t\t\t\t<div class=\"elementor-widget-container\">\n\t\t\t<style>\/*! elementor - v3.5.5 - 03-02-2022 *\/\n.elementor-widget-text-editor.elementor-drop-cap-view-stacked .elementor-drop-cap{background-color:#818a91;color:#fff}.elementor-widget-text-editor.elementor-drop-cap-view-framed .elementor-drop-cap{color:#818a91;border:3px solid;background-color:transparent}.elementor-widget-text-editor:not(.elementor-drop-cap-view-default) .elementor-drop-cap{margin-top:8px}.elementor-widget-text-editor:not(.elementor-drop-cap-view-default) .elementor-drop-cap-letter{width:1em;height:1em}.elementor-widget-text-editor .elementor-drop-cap{float:left;text-align:center;line-height:1;font-size:50px}.elementor-widget-text-editor .elementor-drop-cap-letter{display:inline-block}<\/style>\t\t\t\t<p><!-- wp:paragraph --><\/p>\n<p>Pied\u0101v\u0101jam CO2 l\u0101zergrie\u0161anas un grav\u0113\u0161anas pakalpojumus. Grie\u017eam liel\u0101ko da\u013cu ne-met\u0101lisko materi\u0101lu:<\/p>\n<p><!-- \/wp:paragraph --><\/p>\n<p><!-- wp:list --><\/p>\n<ul>\n<li>Koks (sapl\u0101ksnis, mas\u012bvkoks, MDF, HDF u.c.)<\/li>\n<li>Plastmasa (PMMA, ABS, PC u.c.)<\/li>\n<li>Pap\u012brs, kartons<\/li>\n<li>\u0100da<\/li>\n<li>Audums<\/li>\n<li>Gumija (NBR, EPDM, Silikons, u.c.)<\/li>\n<\/ul>\n<p><!-- \/wp:list --><\/p>\n<p><!-- wp:paragraph --><\/p>\n<p>Papildus iepriek\u0161 min\u0113tajiem, grav\u0113\u0161ana iesp\u0113jama ar\u012b uz citiem materi\u0101liem, piem\u0113ram:<\/p>\n<p><!-- \/wp:paragraph --><\/p>\n<p><!-- wp:list --><\/p>\n<ul>\n<li>Keramika<\/li>\n<li>Stikls<\/li>\n<li>Akmens<\/li>\n<li>u.c.<\/li>\n<\/ul>\n<p><!-- \/wp:group --><\/p>\n<p><!-- wp:paragraph --><\/p>\n<p><!-- \/wp:paragraph --><\/p>\t\t\t\t\t\t<\/div>\n\t\t\t\t<\/div>\n\t\t\t\t\t<\/div>\n\t\t<\/div>\n\t\t\t\t\t\t\t<\/div>\n\t\t<\/section>\n\t\t\t\t<section class=\"elementor-section elementor-top-section elementor-element elementor-element-f8fde8c elementor-section-boxed elementor-section-height-default elementor-section-height-default\" data-id=\"f8fde8c\" data-element_type=\"section\">\n\t\t\t\t\t\t<div class=\"elementor-container elementor-column-gap-default\">\n\t\t\t\t\t<div class=\"elementor-column elementor-col-100 elementor-top-column elementor-element elementor-element-b200292\" data-id=\"b200292\" data-element_type=\"column\">\n\t\t\t<div class=\"elementor-widget-wrap elementor-element-populated\">\n\t\t\t\t\t\t\t\t<div class=\"elementor-element elementor-element-28c2ef4 elementor-widget elementor-widget-text-editor\" data-id=\"28c2ef4\" data-element_type=\"widget\" data-widget_type=\"text-editor.default\">\n\t\t\t\t<div class=\"elementor-widget-container\">\n\t\t\t\t\t\t\t<p><\/p>\n<div class=\"wp-block-group alignfull\">&nbsp;<\/div>\n<p><\/p>\n<div class=\"wp-block-group alignfull has-black-background-color has-background\">\n<h2 id=\"gallery\" class=\"has-text-align-center has-white-color has-text-color\"><span style=\"font-weight: bolder;\">Galerija<\/span><\/h2><div><span style=\"font-weight: bolder;\"><br><\/span><\/div>\n<div><span style=\"font-weight: bolder;\">&nbsp;<\/span><\/div>\n<\/div>\t\t\t\t\t\t<\/div>\n\t\t\t\t<\/div>\n\t\t\t\t<div class=\"elementor-element elementor-element-8be17e1 elementor-widget elementor-widget-image-gallery\" data-id=\"8be17e1\" data-element_type=\"widget\" data-widget_type=\"image-gallery.default\">\n\t\t\t\t<div class=\"elementor-widget-container\">\n\t\t\t<style>\/*! elementor - v3.5.5 - 03-02-2022 *\/\n.elementor-image-gallery .gallery-item{display:inline-block;text-align:center;vertical-align:top;width:100%;max-width:100%;margin:0 auto}.elementor-image-gallery .gallery-item img{margin:0 auto}.elementor-image-gallery .gallery-item .gallery-caption{margin:0}.elementor-image-gallery figure img{display:block}.elementor-image-gallery figure figcaption{width:100%}.gallery-spacing-custom .elementor-image-gallery .gallery-icon{padding:0}@media (min-width:768px){.elementor-image-gallery .gallery-columns-2 .gallery-item{max-width:50%}.elementor-image-gallery .gallery-columns-3 .gallery-item{max-width:33.33%}.elementor-image-gallery .gallery-columns-4 .gallery-item{max-width:25%}.elementor-image-gallery .gallery-columns-5 .gallery-item{max-width:20%}.elementor-image-gallery .gallery-columns-6 .gallery-item{max-width:16.666%}.elementor-image-gallery .gallery-columns-7 .gallery-item{max-width:14.28%}.elementor-image-gallery .gallery-columns-8 .gallery-item{max-width:12.5%}.elementor-image-gallery .gallery-columns-9 .gallery-item{max-width:11.11%}.elementor-image-gallery .gallery-columns-10 .gallery-item{max-width:10%}}@media (min-width:480px) and (max-width:767px){.elementor-image-gallery .gallery.gallery-columns-2 .gallery-item,.elementor-image-gallery .gallery.gallery-columns-3 .gallery-item,.elementor-image-gallery .gallery.gallery-columns-4 .gallery-item,.elementor-image-gallery .gallery.gallery-columns-5 .gallery-item,.elementor-image-gallery .gallery.gallery-columns-6 .gallery-item,.elementor-image-gallery .gallery.gallery-columns-7 .gallery-item,.elementor-image-gallery .gallery.gallery-columns-8 .gallery-item,.elementor-image-gallery .gallery.gallery-columns-9 .gallery-item,.elementor-image-gallery .gallery.gallery-columns-10 .gallery-item{max-width:50%}}@media (max-width:479px){.elementor-image-gallery .gallery.gallery-columns-2 .gallery-item,.elementor-image-gallery .gallery.gallery-columns-3 .gallery-item,.elementor-image-gallery .gallery.gallery-columns-4 .gallery-item,.elementor-image-gallery .gallery.gallery-columns-5 .gallery-item,.elementor-image-gallery .gallery.gallery-columns-6 .gallery-item,.elementor-image-gallery .gallery.gallery-columns-7 .gallery-item,.elementor-image-gallery .gallery.gallery-columns-8 .gallery-item,.elementor-image-gallery .gallery.gallery-columns-9 .gallery-item,.elementor-image-gallery .gallery.gallery-columns-10 .gallery-item{max-width:100%}}<\/style>\t\t<div class=\"elementor-image-gallery\">\n\t\t\t<div id='gallery-1' class='gallery galleryid-17 gallery-columns-4 gallery-size-thumbnail'><figure class='gallery-item'>\n\t\t\t<div class='gallery-icon landscape'>\n\t\t\t\t<a data-elementor-open-lightbox=\"yes\" data-elementor-lightbox-slideshow=\"8be17e1\" data-elementor-lightbox-title=\"IMG_20210626_222940\" href='https:\/\/lasercut.lv\/wp-content\/uploads\/2022\/02\/IMG_20210626_222940-scaled.jpg'><img loading=\"lazy\" decoding=\"async\" width=\"150\" height=\"150\" src=\"https:\/\/lasercut.lv\/wp-content\/uploads\/2022\/02\/IMG_20210626_222940-150x150.jpg\" class=\"attachment-thumbnail size-thumbnail\" alt=\"\" sizes=\"auto, 100vw\" \/><\/a>\n\t\t\t<\/div><\/figure><figure class='gallery-item'>\n\t\t\t<div class='gallery-icon landscape'>\n\t\t\t\t<a data-elementor-open-lightbox=\"yes\" data-elementor-lightbox-slideshow=\"8be17e1\" data-elementor-lightbox-title=\"IMG_20210607_210846\" href='https:\/\/lasercut.lv\/wp-content\/uploads\/2022\/02\/IMG_20210607_210846-scaled.jpg'><img loading=\"lazy\" decoding=\"async\" width=\"150\" height=\"150\" src=\"https:\/\/lasercut.lv\/wp-content\/uploads\/2022\/02\/IMG_20210607_210846-150x150.jpg\" class=\"attachment-thumbnail size-thumbnail\" alt=\"\" sizes=\"auto, 100vw\" \/><\/a>\n\t\t\t<\/div><\/figure><figure class='gallery-item'>\n\t\t\t<div class='gallery-icon landscape'>\n\t\t\t\t<a data-elementor-open-lightbox=\"yes\" data-elementor-lightbox-slideshow=\"8be17e1\" data-elementor-lightbox-title=\"IMG_20210621_174156\" href='https:\/\/lasercut.lv\/wp-content\/uploads\/2022\/02\/IMG_20210621_174156-scaled.jpg'><img loading=\"lazy\" decoding=\"async\" width=\"150\" height=\"150\" src=\"https:\/\/lasercut.lv\/wp-content\/uploads\/2022\/02\/IMG_20210621_174156-150x150.jpg\" class=\"attachment-thumbnail size-thumbnail\" alt=\"\" sizes=\"auto, 100vw\" \/><\/a>\n\t\t\t<\/div><\/figure><figure class='gallery-item'>\n\t\t\t<div class='gallery-icon landscape'>\n\t\t\t\t<a data-elementor-open-lightbox=\"yes\" data-elementor-lightbox-slideshow=\"8be17e1\" data-elementor-lightbox-title=\"IMG_20220120_153422\" href='https:\/\/lasercut.lv\/wp-content\/uploads\/2022\/02\/IMG_20220120_153422.jpg'><img loading=\"lazy\" decoding=\"async\" width=\"150\" height=\"150\" src=\"https:\/\/lasercut.lv\/wp-content\/uploads\/2022\/02\/IMG_20220120_153422-150x150.jpg\" class=\"attachment-thumbnail size-thumbnail\" alt=\"\" sizes=\"auto, 100vw\" \/><\/a>\n\t\t\t<\/div><\/figure><figure class='gallery-item'>\n\t\t\t<div class='gallery-icon landscape'>\n\t\t\t\t<a data-elementor-open-lightbox=\"yes\" data-elementor-lightbox-slideshow=\"8be17e1\" data-elementor-lightbox-title=\"IMG_20220120_153357\" href='https:\/\/lasercut.lv\/wp-content\/uploads\/2022\/02\/IMG_20220120_153357.jpg'><img loading=\"lazy\" decoding=\"async\" width=\"150\" height=\"150\" src=\"https:\/\/lasercut.lv\/wp-content\/uploads\/2022\/02\/IMG_20220120_153357-150x150.jpg\" class=\"attachment-thumbnail size-thumbnail\" alt=\"\" sizes=\"auto, 100vw\" \/><\/a>\n\t\t\t<\/div><\/figure><figure class='gallery-item'>\n\t\t\t<div class='gallery-icon portrait'>\n\t\t\t\t<a data-elementor-open-lightbox=\"yes\" data-elementor-lightbox-slideshow=\"8be17e1\" data-elementor-lightbox-title=\"IMG_20211203_152133\" href='https:\/\/lasercut.lv\/wp-content\/uploads\/2022\/02\/IMG_20211203_152133.jpg'><img loading=\"lazy\" decoding=\"async\" width=\"150\" height=\"150\" src=\"https:\/\/lasercut.lv\/wp-content\/uploads\/2022\/02\/IMG_20211203_152133-150x150.jpg\" class=\"attachment-thumbnail size-thumbnail\" alt=\"\" sizes=\"auto, 100vw\" \/><\/a>\n\t\t\t<\/div><\/figure><figure class='gallery-item'>\n\t\t\t<div class='gallery-icon portrait'>\n\t\t\t\t<a data-elementor-open-lightbox=\"yes\" data-elementor-lightbox-slideshow=\"8be17e1\" data-elementor-lightbox-title=\"IMG_20211125_114244\" href='https:\/\/lasercut.lv\/wp-content\/uploads\/2022\/02\/IMG_20211125_114244.jpg'><img loading=\"lazy\" decoding=\"async\" width=\"150\" height=\"150\" src=\"https:\/\/lasercut.lv\/wp-content\/uploads\/2022\/02\/IMG_20211125_114244-150x150.jpg\" class=\"attachment-thumbnail size-thumbnail\" alt=\"\" sizes=\"auto, 100vw\" \/><\/a>\n\t\t\t<\/div><\/figure><figure class='gallery-item'>\n\t\t\t<div class='gallery-icon landscape'>\n\t\t\t\t<a data-elementor-open-lightbox=\"yes\" data-elementor-lightbox-slideshow=\"8be17e1\" data-elementor-lightbox-title=\"IMG_20210811_181452\" href='https:\/\/lasercut.lv\/wp-content\/uploads\/2022\/02\/IMG_20210811_181452.jpg'><img loading=\"lazy\" decoding=\"async\" width=\"150\" height=\"150\" src=\"https:\/\/lasercut.lv\/wp-content\/uploads\/2022\/02\/IMG_20210811_181452-150x150.jpg\" class=\"attachment-thumbnail size-thumbnail\" alt=\"\" sizes=\"auto, 100vw\" \/><\/a>\n\t\t\t<\/div><\/figure><figure class='gallery-item'>\n\t\t\t<div class='gallery-icon landscape'>\n\t\t\t\t<a data-elementor-open-lightbox=\"yes\" data-elementor-lightbox-slideshow=\"8be17e1\" data-elementor-lightbox-title=\"IMG_20210811_170658\" href='https:\/\/lasercut.lv\/wp-content\/uploads\/2022\/02\/IMG_20210811_170658.jpg'><img loading=\"lazy\" decoding=\"async\" width=\"150\" height=\"150\" src=\"https:\/\/lasercut.lv\/wp-content\/uploads\/2022\/02\/IMG_20210811_170658-150x150.jpg\" class=\"attachment-thumbnail size-thumbnail\" alt=\"\" sizes=\"auto, 100vw\" \/><\/a>\n\t\t\t<\/div><\/figure><figure class='gallery-item'>\n\t\t\t<div class='gallery-icon landscape'>\n\t\t\t\t<a data-elementor-open-lightbox=\"yes\" data-elementor-lightbox-slideshow=\"8be17e1\" data-elementor-lightbox-title=\"IMG_20210808_135059\" href='https:\/\/lasercut.lv\/wp-content\/uploads\/2022\/02\/IMG_20210808_135059-rotated.jpg'><img loading=\"lazy\" decoding=\"async\" width=\"150\" height=\"150\" src=\"https:\/\/lasercut.lv\/wp-content\/uploads\/2022\/02\/IMG_20210808_135059-150x150.jpg\" class=\"attachment-thumbnail size-thumbnail\" alt=\"\" sizes=\"auto, 100vw\" \/><\/a>\n\t\t\t<\/div><\/figure><figure class='gallery-item'>\n\t\t\t<div class='gallery-icon portrait'>\n\t\t\t\t<a data-elementor-open-lightbox=\"yes\" data-elementor-lightbox-slideshow=\"8be17e1\" data-elementor-lightbox-title=\"IMG_20210726_183653\" href='https:\/\/lasercut.lv\/wp-content\/uploads\/2022\/02\/IMG_20210726_183653.jpg'><img loading=\"lazy\" decoding=\"async\" width=\"150\" height=\"150\" src=\"https:\/\/lasercut.lv\/wp-content\/uploads\/2022\/02\/IMG_20210726_183653-150x150.jpg\" class=\"attachment-thumbnail size-thumbnail\" alt=\"\" sizes=\"auto, 100vw\" \/><\/a>\n\t\t\t<\/div><\/figure><figure class='gallery-item'>\n\t\t\t<div class='gallery-icon landscape'>\n\t\t\t\t<a data-elementor-open-lightbox=\"yes\" data-elementor-lightbox-slideshow=\"8be17e1\" data-elementor-lightbox-title=\"IMG_20210801_182519\" href='https:\/\/lasercut.lv\/wp-content\/uploads\/2022\/02\/IMG_20210801_182519.jpg'><img loading=\"lazy\" decoding=\"async\" width=\"150\" height=\"150\" src=\"https:\/\/lasercut.lv\/wp-content\/uploads\/2022\/02\/IMG_20210801_182519-150x150.jpg\" class=\"attachment-thumbnail size-thumbnail\" alt=\"\" sizes=\"auto, 100vw\" \/><\/a>\n\t\t\t<\/div><\/figure><figure class='gallery-item'>\n\t\t\t<div class='gallery-icon landscape'>\n\t\t\t\t<a data-elementor-open-lightbox=\"yes\" data-elementor-lightbox-slideshow=\"8be17e1\" data-elementor-lightbox-title=\"IMG_20210726_181616\" href='https:\/\/lasercut.lv\/wp-content\/uploads\/2022\/02\/IMG_20210726_181616.jpg'><img loading=\"lazy\" decoding=\"async\" width=\"150\" height=\"150\" src=\"https:\/\/lasercut.lv\/wp-content\/uploads\/2022\/02\/IMG_20210726_181616-150x150.jpg\" class=\"attachment-thumbnail size-thumbnail\" alt=\"\" sizes=\"auto, 100vw\" \/><\/a>\n\t\t\t<\/div><\/figure><figure class='gallery-item'>\n\t\t\t<div class='gallery-icon landscape'>\n\t\t\t\t<a data-elementor-open-lightbox=\"yes\" data-elementor-lightbox-slideshow=\"8be17e1\" data-elementor-lightbox-title=\"IMG_20210721_201939\" href='https:\/\/lasercut.lv\/wp-content\/uploads\/2022\/02\/IMG_20210721_201939.jpg'><img loading=\"lazy\" decoding=\"async\" width=\"150\" height=\"150\" src=\"https:\/\/lasercut.lv\/wp-content\/uploads\/2022\/02\/IMG_20210721_201939-150x150.jpg\" class=\"attachment-thumbnail size-thumbnail\" alt=\"\" sizes=\"auto, 100vw\" \/><\/a>\n\t\t\t<\/div><\/figure><figure class='gallery-item'>\n\t\t\t<div class='gallery-icon landscape'>\n\t\t\t\t<a data-elementor-open-lightbox=\"yes\" data-elementor-lightbox-slideshow=\"8be17e1\" data-elementor-lightbox-title=\"IMG_20210721_201951\" href='https:\/\/lasercut.lv\/wp-content\/uploads\/2022\/02\/IMG_20210721_201951.jpg'><img loading=\"lazy\" decoding=\"async\" width=\"150\" height=\"150\" src=\"https:\/\/lasercut.lv\/wp-content\/uploads\/2022\/02\/IMG_20210721_201951-150x150.jpg\" class=\"attachment-thumbnail size-thumbnail\" alt=\"\" sizes=\"auto, 100vw\" \/><\/a>\n\t\t\t<\/div><\/figure><figure class='gallery-item'>\n\t\t\t<div class='gallery-icon landscape'>\n\t\t\t\t<a data-elementor-open-lightbox=\"yes\" data-elementor-lightbox-slideshow=\"8be17e1\" data-elementor-lightbox-title=\"IMG_20210715_162446\" href='https:\/\/lasercut.lv\/wp-content\/uploads\/2022\/02\/IMG_20210715_162446.jpg'><img loading=\"lazy\" decoding=\"async\" width=\"150\" height=\"150\" src=\"https:\/\/lasercut.lv\/wp-content\/uploads\/2022\/02\/IMG_20210715_162446-150x150.jpg\" class=\"attachment-thumbnail size-thumbnail\" alt=\"\" sizes=\"auto, 100vw\" \/><\/a>\n\t\t\t<\/div><\/figure><figure class='gallery-item'>\n\t\t\t<div class='gallery-icon landscape'>\n\t\t\t\t<a data-elementor-open-lightbox=\"yes\" data-elementor-lightbox-slideshow=\"8be17e1\" data-elementor-lightbox-title=\"IMG_20210714_200019\" href='https:\/\/lasercut.lv\/wp-content\/uploads\/2022\/02\/IMG_20210714_200019.jpg'><img loading=\"lazy\" decoding=\"async\" width=\"150\" height=\"150\" src=\"https:\/\/lasercut.lv\/wp-content\/uploads\/2022\/02\/IMG_20210714_200019-150x150.jpg\" class=\"attachment-thumbnail size-thumbnail\" alt=\"\" sizes=\"auto, 100vw\" \/><\/a>\n\t\t\t<\/div><\/figure><figure class='gallery-item'>\n\t\t\t<div class='gallery-icon portrait'>\n\t\t\t\t<a data-elementor-open-lightbox=\"yes\" data-elementor-lightbox-slideshow=\"8be17e1\" data-elementor-lightbox-title=\"IMG_20210626_135835\" href='https:\/\/lasercut.lv\/wp-content\/uploads\/2022\/02\/IMG_20210626_135835-scaled.jpg'><img loading=\"lazy\" decoding=\"async\" width=\"150\" height=\"150\" src=\"https:\/\/lasercut.lv\/wp-content\/uploads\/2022\/02\/IMG_20210626_135835-150x150.jpg\" class=\"attachment-thumbnail size-thumbnail\" alt=\"\" sizes=\"auto, 100vw\" \/><\/a>\n\t\t\t<\/div><\/figure>\n\t\t<\/div>\n\t\t<\/div>\n\t\t\t\t<\/div>\n\t\t\t\t<\/div>\n\t\t\t\t\t<\/div>\n\t\t<\/div>\n\t\t\t\t\t\t\t<\/div>\n\t\t<\/section>\n\t\t\t\t\t\t<\/div>\n\t\t\t\t\t<\/div>\n\t\t","protected":false},"excerpt":{"rendered":"<p>Pied\u0101v\u0101jam CO2 l\u0101zergrie\u0161anas un grav\u0113\u0161anas pakalpojumus. Grie\u017eam liel\u0101ko da\u013cu ne-met\u0101lisko materi\u0101lu: Koks (sapl\u0101ksnis, mas\u012bvkoks, MDF, HDF u.c.) Plastmasa (PMMA, ABS, PC u.c.) Pap\u012brs, kartons \u0100da Audums Gumija (NBR, EPDM, Silikons, u.c.) Papildus iepriek\u0161 min\u0113tajiem, grav\u0113\u0161ana iesp\u0113jama ar\u012b uz citiem materi\u0101liem, piem\u0113ram: Keramika Stikls Akmens u.c. &nbsp; Galerija &nbsp;<\/p>\n","protected":false},"author":1,"featured_media":16,"parent":0,"menu_order":0,"comment_status":"closed","ping_status":"closed","template":"","meta":{"footnotes":""},"class_list":["post-17","page","type-page","status-publish","has-post-thumbnail","hentry"],"_links":{"self":[{"href":"https:\/\/lasercut.lv\/index.php?rest_route=\/wp\/v2\/pages\/17","targetHints":{"allow":["GET"]}}],"collection":[{"href":"https:\/\/lasercut.lv\/index.php?rest_route=\/wp\/v2\/pages"}],"about":[{"href":"https:\/\/lasercut.lv\/index.php?rest_route=\/wp\/v2\/types\/page"}],"author":[{"embeddable":true,"href":"https:\/\/lasercut.lv\/index.php?rest_route=\/wp\/v2\/users\/1"}],"replies":[{"embeddable":true,"href":"https:\/\/lasercut.lv\/index.php?rest_route=%2Fwp%2Fv2%2Fcomments&post=17"}],"version-history":[{"count":22,"href":"https:\/\/lasercut.lv\/index.php?rest_route=\/wp\/v2\/pages\/17\/revisions"}],"predecessor-version":[{"id":118,"href":"https:\/\/lasercut.lv\/index.php?rest_route=\/wp\/v2\/pages\/17\/revisions\/118"}],"wp:featuredmedia":[{"embeddable":true,"href":"https:\/\/lasercut.lv\/index.php?rest_route=\/wp\/v2\/media\/16"}],"wp:attachment":[{"href":"https:\/\/lasercut.lv\/index.php?rest_route=%2Fwp%2Fv2%2Fmedia&parent=17"}],"curies":[{"name":"wp","href":"https:\/\/api.w.org\/{rel}","templated":true}]}}