{"id":18,"date":"2022-02-07T12:55:54","date_gmt":"2022-02-07T12:55:54","guid":{"rendered":"https:\/\/lasercut.lv\/?page_id=18"},"modified":"2022-02-07T13:21:21","modified_gmt":"2022-02-07T13:21:21","slug":"about","status":"publish","type":"page","link":"https:\/\/lasercut.lv\/?page_id=18","title":{"rendered":"Par CO2 l\u0101zergrie\u0161anu"},"content":{"rendered":"\n<p>Kop\u0161 t\u0101s pirm\u0101s lieto\u0161anas 1970. gados, CO2 l\u0101zergrie\u0161anas iek\u0101rta ir nep\u0101rtraukti uzlabota un moderniz\u0113ta. CO2 l\u0101zergrie\u0161anas iek\u0101rtai ir pla\u0161s pielietojumu kl\u0101sts nemet\u0101la materi\u0101lu grie\u0161anai un grav\u0113\u0161anai. Atkar\u012bb\u0101 no l\u0101zera jaudas, at\u0161\u0137iras ar\u012b materi\u0101la veids un biezums, ko var griezt vai iegrav\u0113t.<br><\/p>\n\n\n\n<p><\/p>\n","protected":false},"excerpt":{"rendered":"<p>Kop\u0161 t\u0101s pirm\u0101s lieto\u0161anas 1970. gados, CO2 l\u0101zergrie\u0161anas iek\u0101rta ir nep\u0101rtraukti uzlabota un moderniz\u0113ta. CO2 l\u0101zergrie\u0161anas iek\u0101rtai ir pla\u0161s pielietojumu kl\u0101sts nemet\u0101la materi\u0101lu grie\u0161anai un grav\u0113\u0161anai. Atkar\u012bb\u0101 no l\u0101zera jaudas, at\u0161\u0137iras ar\u012b materi\u0101la veids un biezums, ko var griezt vai iegrav\u0113t.<\/p>\n","protected":false},"author":1,"featured_media":0,"parent":0,"menu_order":0,"comment_status":"closed","ping_status":"closed","template":"","meta":{"footnotes":""},"class_list":["post-18","page","type-page","status-publish","hentry"],"_links":{"self":[{"href":"https:\/\/lasercut.lv\/index.php?rest_route=\/wp\/v2\/pages\/18","targetHints":{"allow":["GET"]}}],"collection":[{"href":"https:\/\/lasercut.lv\/index.php?rest_route=\/wp\/v2\/pages"}],"about":[{"href":"https:\/\/lasercut.lv\/index.php?rest_route=\/wp\/v2\/types\/page"}],"author":[{"embeddable":true,"href":"https:\/\/lasercut.lv\/index.php?rest_route=\/wp\/v2\/users\/1"}],"replies":[{"embeddable":true,"href":"https:\/\/lasercut.lv\/index.php?rest_route=%2Fwp%2Fv2%2Fcomments&post=18"}],"version-history":[{"count":3,"href":"https:\/\/lasercut.lv\/index.php?rest_route=\/wp\/v2\/pages\/18\/revisions"}],"predecessor-version":[{"id":38,"href":"https:\/\/lasercut.lv\/index.php?rest_route=\/wp\/v2\/pages\/18\/revisions\/38"}],"wp:attachment":[{"href":"https:\/\/lasercut.lv\/index.php?rest_route=%2Fwp%2Fv2%2Fmedia&parent=18"}],"curies":[{"name":"wp","href":"https:\/\/api.w.org\/{rel}","templated":true}]}}