{"id":46,"date":"2022-02-07T15:39:12","date_gmt":"2022-02-07T15:39:12","guid":{"rendered":"https:\/\/lasercut.lv\/?page_id=46"},"modified":"2022-02-07T15:43:37","modified_gmt":"2022-02-07T15:43:37","slug":"cenas-2","status":"publish","type":"page","link":"https:\/\/lasercut.lv\/?page_id=46","title":{"rendered":"Cenas"},"content":{"rendered":"\n<h2 class=\"wp-block-heading\" id=\"lazergriesanas-izmaksas\">L\u0101zergrie\u0161anas izmaksas.<\/h2>\n\n\n\n<p>Izmaksas ir atkar\u012bgas no izv\u0113l\u0113t\u0101 grie\u017eam\u0101 vai grav\u0113jam\u0101 materi\u0101la, tas sast\u0101da pakalpojuma cenas main\u012bgo da\u013cu. Bez t\u0101 ir j\u0101r\u0113\u0137in\u0101s ar 15\u20ac par katra faila \/ izkl\u0101juma sagatavo\u0161anu un 5\u20ac par katru reizi, kad uz iek\u0101rtas ir j\u0101uzst\u0101da apstr\u0101d\u0101jamais materi\u0101ls un j\u0101no\u0146em izgriezt\u0101s deta\u013cas.<\/p>\n\n\n\n<p>Izmaksu apr\u0113\u0137ina piem\u0113rs:<\/p>\n\n\n\n<figure class=\"wp-block-table\"><table><tbody><tr><td><strong><em>Darbs<\/em><\/strong><\/td><td><strong><em>Cena, \u20ac<\/em><\/strong><\/td><td><strong><em>Skaits<\/em><\/strong><\/td><td><strong><em>Laiks<\/em><\/strong><\/td><td><strong><em>Kop\u0101, \u20ac<\/em><\/strong><\/td><\/tr><tr><td>Faila apstr\u0101de, imports, izkl\u0101juma sagatavo\u0161ana.<\/td><td>15,00<\/td><td>1<\/td><td><\/td><td>15,00<\/td><\/tr><tr><td>Iek\u0101rtas iestat\u012b\u0161ana, materi\u0101la uzst\u0101d\u012b\u0161ana, no\u0146em\u0161ana.<\/td><td>5,00<\/td><td>1<\/td><td><\/td><td>5,00<\/td><\/tr><tr><td>Grie\u0161anas pakalpojums (sekund\u0113s).<\/td><td>0,015<\/td><td>1<\/td><td>00:03:16<\/td><td>2,94<\/td><\/tr><tr><td>Grav\u0113\u0161anas pakalpojums (sekund\u0113s).<\/td><td>0,008<\/td><td>0<\/td><td>00:03:00<\/td><td>0,00<\/td><\/tr><tr><td>Materi\u0101ls, m2 (Sapl\u0101ksnis 4mm B\/BB)<\/td><td>8,00<\/td><td>0<\/td><td><\/td><td>0,00<\/td><\/tr><tr><td><\/td><td><\/td><td><\/td><td>Kop\u0101:<\/td><td>\u20ac 22,94<\/td><\/tr><tr><td><\/td><td><\/td><td><\/td><td><\/td><td>+PVN<\/td><\/tr><\/tbody><\/table><\/figure>\n\n\n\n<h2 class=\"wp-block-heading\" id=\"atsuti-mums-savu-failu-un-nosutisim-atpakal-precizu-cenas-aprekinu\">Ats\u016bti mums savu failu un nos\u016bt\u012bsim atpaka\u013c prec\u012bzu cenas apr\u0113\u0137inu.<\/h2>\n","protected":false},"excerpt":{"rendered":"<p>L\u0101zergrie\u0161anas izmaksas. Izmaksas ir atkar\u012bgas no izv\u0113l\u0113t\u0101 grie\u017eam\u0101 vai grav\u0113jam\u0101 materi\u0101la, tas sast\u0101da pakalpojuma cenas main\u012bgo da\u013cu. Bez t\u0101 ir j\u0101r\u0113\u0137in\u0101s ar 15\u20ac par katra faila \/ izkl\u0101juma sagatavo\u0161anu un 5\u20ac par katru reizi, kad uz iek\u0101rtas ir j\u0101uzst\u0101da apstr\u0101d\u0101jamais materi\u0101ls un j\u0101no\u0146em izgriezt\u0101s deta\u013cas. Izmaksu apr\u0113\u0137ina piem\u0113rs: Darbs Cena, \u20ac Skaits Laiks Kop\u0101, \u20ac &hellip; <\/p>\n<p class=\"link-more\"><a href=\"https:\/\/lasercut.lv\/?page_id=46\" class=\"more-link\">Read more<span class=\"screen-reader-text\"> &#8220;Cenas&#8221;<\/span><\/a><\/p>\n","protected":false},"author":1,"featured_media":0,"parent":0,"menu_order":0,"comment_status":"closed","ping_status":"closed","template":"","meta":{"footnotes":""},"class_list":["post-46","page","type-page","status-publish","hentry"],"_links":{"self":[{"href":"https:\/\/lasercut.lv\/index.php?rest_route=\/wp\/v2\/pages\/46","targetHints":{"allow":["GET"]}}],"collection":[{"href":"https:\/\/lasercut.lv\/index.php?rest_route=\/wp\/v2\/pages"}],"about":[{"href":"https:\/\/lasercut.lv\/index.php?rest_route=\/wp\/v2\/types\/page"}],"author":[{"embeddable":true,"href":"https:\/\/lasercut.lv\/index.php?rest_route=\/wp\/v2\/users\/1"}],"replies":[{"embeddable":true,"href":"https:\/\/lasercut.lv\/index.php?rest_route=%2Fwp%2Fv2%2Fcomments&post=46"}],"version-history":[{"count":3,"href":"https:\/\/lasercut.lv\/index.php?rest_route=\/wp\/v2\/pages\/46\/revisions"}],"predecessor-version":[{"id":62,"href":"https:\/\/lasercut.lv\/index.php?rest_route=\/wp\/v2\/pages\/46\/revisions\/62"}],"wp:attachment":[{"href":"https:\/\/lasercut.lv\/index.php?rest_route=%2Fwp%2Fv2%2Fmedia&parent=46"}],"curies":[{"name":"wp","href":"https:\/\/api.w.org\/{rel}","templated":true}]}}